{"id":1462,"date":"2025-07-01T10:13:12","date_gmt":"2025-07-01T10:13:12","guid":{"rendered":"https:\/\/kierratyskpaa.fi\/?page_id=1462"},"modified":"2025-11-05T10:45:22","modified_gmt":"2025-11-05T08:45:22","slug":"home","status":"publish","type":"page","link":"https:\/\/kierratyskpaa.fi\/","title":{"rendered":"Home"},"content":{"rendered":"\t\t<div data-elementor-type=\"wp-page\" data-elementor-id=\"1462\" class=\"elementor elementor-1462\">\n\t\t\t\t<div class=\"elementor-element elementor-element-f08fa88 e-flex e-con-boxed e-con e-parent\" data-id=\"f08fa88\" data-element_type=\"container\" data-e-type=\"container\" id=\"esittely\">\n\t\t\t\t\t<div class=\"e-con-inner\">\n\t\t\t\t<div class=\"elementor-element elementor-element-b3d3b57 elementor-widget elementor-widget-heading\" data-id=\"b3d3b57\" data-element_type=\"widget\" data-e-type=\"widget\" data-widget_type=\"heading.default\">\n\t\t\t\t\t<h2 class=\"elementor-heading-title elementor-size-default\">Tervetuloa kierr\u00e4tyskeskukseen - miss\u00e4 tavara saa uuden el\u00e4m\u00e4n!<\/h2>\t\t\t\t<\/div>\n\t\t<div class=\"elementor-element elementor-element-f47cdaa e-con-full e-flex e-con e-child\" data-id=\"f47cdaa\" data-element_type=\"container\" data-e-type=\"container\">\n\t\t\t\t<div class=\"elementor-element elementor-element-990c6ff elementor-widget elementor-widget-text-editor\" data-id=\"990c6ff\" data-element_type=\"widget\" data-e-type=\"widget\" data-widget_type=\"text-editor.default\">\n\t\t\t\t\t\t\t\t\t<p style=\"text-align: center;\">Otamme vastaan k\u00e4ytettyj\u00e4, hyv\u00e4kuntoisia tavaroita. Samalla ehk\u00e4isemme j\u00e4tteen synty\u00e4, s\u00e4\u00e4st\u00e4mme luonnonvaroja ja edist\u00e4mme kest\u00e4v\u00e4\u00e4 el\u00e4m\u00e4ntapaa. Meilt\u00e4 l\u00f6yd\u00e4t mm. huonekaluja, astioita, vaatteita, elektroniikkaa ja paljon muuta. Kierr\u00e4tys on helppo tapa tehd\u00e4 hyv\u00e4\u00e4 &#8211; tule mukaan!<\/p>\t\t\t\t\t\t\t\t<\/div>\n\t\t\t\t<div class=\"elementor-element elementor-element-fc90a71 elementor-widget elementor-widget-text-editor\" data-id=\"fc90a71\" data-element_type=\"widget\" data-e-type=\"widget\" data-widget_type=\"text-editor.default\">\n\t\t\t\t\t\t\t\t\t<h5 style=\"text-align: center;\"><b>Kierr\u00e4tyskeskuksen ohjeistus vastaanottoon: muutoksia toimintatavoissa!<\/b><\/h5><p style=\"text-align: center;\"><span style=\"color: #000000;\"><i>Vastaanotto toiminnan muutos auttaa kehitt\u00e4m\u00e4\u00e4n kuntalaisten ajatusta kierr\u00e4tt\u00e4misest\u00e4 ja lajittelun t\u00e4rkeydest\u00e4\u00a0<\/i><img decoding=\"async\" class=\"an1\" draggable=\"false\" src=\"https:\/\/fonts.gstatic.com\/s\/e\/notoemoji\/16.0\/267b_fe0f\/32.png\" alt=\"\u267b\ufe0f\" data-emoji=\"\u267b\ufe0f\" aria-label=\"\u267b\ufe0f\" \/><\/span><\/p><p style=\"text-align: center;\"><span style=\"color: #000000;\">Kierr\u00e4tyskeskus Kankaanp\u00e4\u00e4 muuttaa toimintatapaansa vastaanotossa\u00a0itse palvelun suuntaan siten, ett\u00e4 jatkossa tavarat tuodaan itse sis\u00e4lle ja lajitellaan eri jakeisiin.\u00a0<\/span><\/p><p style=\"text-align: center;\"><span style=\"color: #000000;\">Asiakaspalvelua on saatavilla avun ja tuen merkeiss\u00e4, eik\u00e4 yksin tarvitse jaksaa kaikkea kantaa &#8211;\u00a0<i>Voit halutessasi soittaa ennen tuloasi ja kysy\u00e4 tarkentavia ohjeita asiakaspalvelustamme 044 577 2116.<\/i><\/span><\/p>\t\t\t\t\t\t\t\t<\/div>\n\t\t\t\t<div class=\"elementor-element elementor-element-d9b2d1e elementor-widget elementor-widget-text-editor\" data-id=\"d9b2d1e\" data-element_type=\"widget\" data-e-type=\"widget\" data-widget_type=\"text-editor.default\">\n\t\t\t\t\t\t\t\t\t<p style=\"text-align: center;\"><strong><span style=\"color: #000000;\">Kierr\u00e4tykseen tavaraa tuovan tulee huomioida jo ennen tuloaan seuraavat seikat.<\/span><\/strong><br \/><span style=\"color: #000000;\"><b>N\u00e4in helpotat omaa toimintaasi vastaanotossa ja lyhenn\u00e4t sek\u00e4 sujuvoitat asiointi aikaasi:<\/b><\/span><\/p>\t\t\t\t\t\t\t\t<\/div>\n\t\t<div class=\"elementor-element elementor-element-4335730 e-grid e-con-full e-con e-child\" data-id=\"4335730\" data-element_type=\"container\" data-e-type=\"container\">\n\t\t\t\t<div class=\"elementor-element elementor-element-d3cbb23 elementor-widget elementor-widget-text-editor\" data-id=\"d3cbb23\" data-element_type=\"widget\" data-e-type=\"widget\" data-widget_type=\"text-editor.default\">\n\t\t\t\t\t\t\t\t\t<p style=\"text-align: center;\"><span style=\"color: #000000;\"><b>S\u00e4hk\u00f6laitteet:<\/b><\/span><\/p><p style=\"text-align: center;\"><span style=\"color: #000000;\">Lajittele ja erottele ehj\u00e4t ja rikkin\u00e4iset laitteet &#8211; t\u00e4m\u00e4 helpottaa omaa toimintaasi tullessasi meille.\u00a0<\/span><\/p><p style=\"text-align: center;\"><span style=\"color: #000000;\">Poista rikkin\u00e4isist\u00e4 paristo k\u00e4ytt\u00f6isist\u00e4 laitteista paristot.\u00a0<\/span><\/p><p style=\"text-align: center;\"><span style=\"color: #000000;\">Paristojen navat tulee teipata, jotta virta navat eiv\u00e4t kosketa toisiaan &#8211; teippaamattomat navat aiheuttavat todellisen riskin oikosulkuun ja tulipaloon.\u00a0<\/span><\/p><p style=\"text-align: center;\"><span style=\"color: #000000;\">Poista valaisimista polttimot &#8211; Energians\u00e4\u00e4st\u00f6- ja led polttimot sek\u00e4 loisteputket voit tuoda kierr\u00e4tyskeskukseen.<\/span><\/p><p style=\"text-align: center;\"><span style=\"color: #000000;\">Hehku- ja halogeeni polttimot kuuluvat sekaj\u00e4tteeseen, jota emme ota vastaan.<\/span><\/p>\t\t\t\t\t\t\t\t<\/div>\n\t\t\t\t<div class=\"elementor-element elementor-element-08f94aa elementor-widget elementor-widget-text-editor\" data-id=\"08f94aa\" data-element_type=\"widget\" data-e-type=\"widget\" data-widget_type=\"text-editor.default\">\n\t\t\t\t\t\t\t\t\t<p style=\"text-align: center;\"><span style=\"color: #000000;\"><b>Kodin irtain:<\/b><b><\/b><\/span><\/p><p style=\"text-align: center;\"><span style=\"color: #000000;\">Lajittele ja pakkaa valmiiksi erikseen esimerkiksi:<\/span><\/p><p style=\"text-align: center;\"><span style=\"color: #000000;\">Kirjat\u00a0<\/span><br \/><span style=\"color: #000000;\">Lelut<\/span><br \/><span style=\"color: #000000;\">Keng\u00e4t<\/span><br \/><span style=\"color: #000000;\">Laukut\u00a0<\/span><br \/><span style=\"color: #000000;\">VHS<\/span><br \/><span style=\"color: #000000;\">CD:t\u00a0<\/span><br \/><span style=\"color: #000000;\">Vinyylilevyt\u00a0<\/span><br \/><span style=\"color: #000000;\">Astiat<\/span><\/p>\t\t\t\t\t\t\t\t<\/div>\n\t\t\t\t<div class=\"elementor-element elementor-element-eb44908 elementor-widget elementor-widget-text-editor\" data-id=\"eb44908\" data-element_type=\"widget\" data-e-type=\"widget\" data-widget_type=\"text-editor.default\">\n\t\t\t\t\t\t\t\t\t<p style=\"text-align: center;\"><span style=\"color: #000000;\"><b>Huonekalut:<\/b><b><\/b><\/span><\/p><p style=\"text-align: center;\"><span style=\"color: #000000;\">Meille voit tuoda k\u00e4yt\u00f6st\u00e4 poistuneet ehj\u00e4t ja siistit huonekalut.\u00a0<\/span><\/p><p style=\"text-align: center;\"><span style=\"color: #000000;\">T\u00e4ll\u00e4 hetkell\u00e4 emme ota vastaan purku kuntoisia huonekaluja.\u00a0<\/span><\/p>\t\t\t\t\t\t\t\t<\/div>\n\t\t\t\t<\/div>\n\t\t\t\t<div class=\"elementor-element elementor-element-2299346 elementor-widget__width-inherit elementor-widget elementor-widget-text-editor\" data-id=\"2299346\" data-element_type=\"widget\" data-e-type=\"widget\" data-widget_type=\"text-editor.default\">\n\t\t\t\t\t\t\t\t\t<div><strong><span style=\"color: #000000;\">Kiitos, ett\u00e4 puet meid\u00e4n kanssa ekologisuuden vihre\u00e4n viitan p\u00e4\u00e4lle ja suhtaudut muutokseen positiivisesti &#8211; yhdess\u00e4 olemme vahvempia!<\/span><\/strong><\/div>\t\t\t\t\t\t\t\t<\/div>\n\t\t\t\t<\/div>\n\t\t\t\t\t<\/div>\n\t\t\t\t<\/div>\n\t\t<div class=\"elementor-element elementor-element-cdf8424 e-flex e-con-boxed e-con e-parent\" data-id=\"cdf8424\" data-element_type=\"container\" data-e-type=\"container\" id=\"vastaanotto\">\n\t\t\t\t\t<div class=\"e-con-inner\">\n\t\t\t\t<div class=\"elementor-element elementor-element-2ab82f7 elementor-widget elementor-widget-heading\" data-id=\"2ab82f7\" data-element_type=\"widget\" data-e-type=\"widget\" data-widget_type=\"heading.default\">\n\t\t\t\t\t<h2 class=\"elementor-heading-title elementor-size-default\">Mit\u00e4 otamme vastaan<\/h2>\t\t\t\t<\/div>\n\t\t<div class=\"elementor-element elementor-element-8d1034b e-con-full e-flex e-con e-child\" data-id=\"8d1034b\" data-element_type=\"container\" data-e-type=\"container\">\n\t\t<div class=\"elementor-element elementor-element-8fc6b22 e-con-full e-flex e-con e-child\" data-id=\"8fc6b22\" data-element_type=\"container\" data-e-type=\"container\">\n\t\t\t\t<div class=\"elementor-element elementor-element-e93594d elementor-widget elementor-widget-text-editor\" data-id=\"e93594d\" data-element_type=\"widget\" data-e-type=\"widget\" data-widget_type=\"text-editor.default\">\n\t\t\t\t\t\t\t\t\t<h3>Vastaanotamme maksutta<\/h3><p>Kaikenlaiset s\u00e4hk\u00f6laitteet, ehj\u00e4t sek\u00e4 rikkin\u00e4iset<br \/>Paristot, auton akut, s\u00e4hk\u00f6laitteiden akut<br \/>Lamput (tarkoittaa led-, loiste- ja energians\u00e4\u00e4st\u00f6lamppuja)<br \/>Metallit tapauskohtaisesti<br \/>S\u00e4hk\u00f6johdot ja kaapelit<\/p>\t\t\t\t\t\t\t\t<\/div>\n\t\t\t\t<div class=\"elementor-element elementor-element-db69f30 elementor-widget elementor-widget-text-editor\" data-id=\"db69f30\" data-element_type=\"widget\" data-e-type=\"widget\" data-widget_type=\"text-editor.default\">\n\t\t\t\t\t\t\t\t\t<h3>K\u00e4ytt\u00f6kelpoisia ja hyv\u00e4kuntoisia kodin tavaroita<\/h3><p>Huonekaluja<br \/>Urheiluv\u00e4lineit\u00e4<br \/>Astioita<br \/>Kaikkea kodin irtainta<br \/>Remontointitarvikkeita tapauskohtaisesti (ei vanhentuneita tuotteita)<\/p>\t\t\t\t\t\t\t\t<\/div>\n\t\t\t\t<div class=\"elementor-element elementor-element-bb484d6 elementor-widget elementor-widget-text-editor\" data-id=\"bb484d6\" data-element_type=\"widget\" data-e-type=\"widget\" data-widget_type=\"text-editor.default\">\n\t\t\t\t\t\t\t\t\t<p><strong>Vaatteiden ja kodintekstiilien vastaanotto tapahtuu erillisess\u00e4 <a href=\"https:\/\/valtti.fi\/poiste\/\">Poiste poistotekstiilinker\u00e4yspisteess\u00e4<\/a> samassa rakennuksessa<\/strong><\/p>\t\t\t\t\t\t\t\t<\/div>\n\t\t\t\t<\/div>\n\t\t<div class=\"elementor-element elementor-element-8008970 e-con-full e-flex e-con e-child\" data-id=\"8008970\" data-element_type=\"container\" data-e-type=\"container\">\n\t\t\t\t<div class=\"elementor-element elementor-element-f2a170b elementor-widget elementor-widget-text-editor\" data-id=\"f2a170b\" data-element_type=\"widget\" data-e-type=\"widget\" data-widget_type=\"text-editor.default\">\n\t\t\t\t\t\t\t\t\t<h3>Vastaanotamme maksusta<\/h3><p>VHS, C-kasetit, ym<br \/><span style=\"font-style: inherit; font-weight: inherit;\">Kirjoja<br \/>Tietosanakirjat<\/span><\/p>\t\t\t\t\t\t\t\t<\/div>\n\t\t\t\t<div class=\"elementor-element elementor-element-bf0b390 elementor-widget elementor-widget-text-editor\" data-id=\"bf0b390\" data-element_type=\"widget\" data-e-type=\"widget\" data-widget_type=\"text-editor.default\">\n\t\t\t\t\t\t\t\t\t<p><strong>Kierr\u00e4tysmaksun ker\u00e4\u00e4mme tavaroista jotka eiv\u00e4t ole myynti- tai k\u00e4ytt\u00f6kuntoisia tai niille ei l\u00f6ydy kysynt\u00e4\u00e4.<\/strong><\/p><p><strong>Kierr\u00e4tysmaksulla katamme tavaroiden h\u00e4vityksest\u00e4 aiheutuvat j\u00e4tekustannukset. Vastaanottamamme tavarat puretaan ja lajitellaan <\/strong><br \/><strong>mahdollisimman tehokkaasti kierr\u00e4tyksen tehostamiseksi.<\/strong><\/p>\t\t\t\t\t\t\t\t<\/div>\n\t\t\t\t<\/div>\n\t\t<div class=\"elementor-element elementor-element-937bed3 e-con-full e-flex e-con e-child\" data-id=\"937bed3\" data-element_type=\"container\" data-e-type=\"container\">\n\t\t\t\t<div class=\"elementor-element elementor-element-b7df382 elementor-widget elementor-widget-text-editor\" data-id=\"b7df382\" data-element_type=\"widget\" data-e-type=\"widget\" data-widget_type=\"text-editor.default\">\n\t\t\t\t\t\t\t\t\t<h3>Emme vastaanota<\/h3><p>Homeisia tavaroita<br \/>Vaarallisia aineita<br \/>Ongelmaj\u00e4tett\u00e4<br \/>N\u00e4it\u00e4 voi vied\u00e4 Kooninkeitaan j\u00e4teasemalle, osoite Ruusilantie 79, Kankaanp\u00e4\u00e4<br \/><br \/>L\u00e4\u00e4kkeet<br \/>N\u00e4m\u00e4 voi vied\u00e4 apteekkiin<br \/><br \/>Rinki ekopisteen kierr\u00e4tykseen kuuluvia tavaroita (Esim. s\u00e4ilykepurkit, muovit)<\/p>\t\t\t\t\t\t\t\t<\/div>\n\t\t\t\t<\/div>\n\t\t\t\t<\/div>\n\t\t\t\t\t<\/div>\n\t\t\t\t<\/div>\n\t\t<div class=\"elementor-element elementor-element-0d487f3 e-flex e-con-boxed e-con e-parent\" data-id=\"0d487f3\" data-element_type=\"container\" data-e-type=\"container\" id=\"hinnasto\">\n\t\t\t\t\t<div class=\"e-con-inner\">\n\t\t\t\t<div class=\"elementor-element elementor-element-53e9d83 elementor-widget elementor-widget-heading\" data-id=\"53e9d83\" data-element_type=\"widget\" data-e-type=\"widget\" data-widget_type=\"heading.default\">\n\t\t\t\t\t<h2 class=\"elementor-heading-title elementor-size-default\">Kuljetuksia voit tiedustella numerosta 044 577 2116.<\/h2>\t\t\t\t<\/div>\n\t\t<div class=\"elementor-element elementor-element-4e0752c e-con-full e-flex e-con e-child\" data-id=\"4e0752c\" data-element_type=\"container\" data-e-type=\"container\">\n\t\t\t\t<div class=\"elementor-element elementor-element-38385cf elementor-widget elementor-widget-text-editor\" data-id=\"38385cf\" data-element_type=\"widget\" data-e-type=\"widget\" data-widget_type=\"text-editor.default\">\n\t\t\t\t\t\t\t\t\t<h4>Kuljetusmaksut<\/h4><p>0-8 km 15 \u20ac<br \/>8-15 km 20 \u20ac<br \/>15-25 km 25 \u20ac<br \/>Yli 25 km matkalta 25\u20ac + 0,5 \u20ac \/ lis\u00e4km<\/p>\t\t\t\t\t\t\t\t<\/div>\n\t\t\t\t<\/div>\n\t\t\t\t\t<\/div>\n\t\t\t\t<\/div>\n\t\t<div class=\"elementor-element elementor-element-f832196 e-flex e-con-boxed e-con e-parent\" data-id=\"f832196\" data-element_type=\"container\" data-e-type=\"container\">\n\t\t\t\t\t<div class=\"e-con-inner\">\n\t\t\t\t<div class=\"elementor-element elementor-element-afa903a elementor-widget elementor-widget-heading\" data-id=\"afa903a\" data-element_type=\"widget\" data-e-type=\"widget\" id=\"sosiaalinen-media\" data-widget_type=\"heading.default\">\n\t\t\t\t\t<h2 class=\"elementor-heading-title elementor-size-default\">Some<\/h2>\t\t\t\t<\/div>\n\t\t\t\t\t<\/div>\n\t\t\t\t<\/div>\n\t\t<div class=\"elementor-element elementor-element-172c9bc e-flex e-con-boxed e-con e-parent\" data-id=\"172c9bc\" data-element_type=\"container\" data-e-type=\"container\">\n\t\t\t\t\t<div class=\"e-con-inner\">\n\t\t\t\t<div class=\"elementor-element elementor-element-3a5a9f4 elementor-widget elementor-widget-juicer_widget\" data-id=\"3a5a9f4\" data-element_type=\"widget\" data-e-type=\"widget\" data-widget_type=\"juicer_widget.default\">\n\t\t\t\t<div class=\"elementor-widget-container\">\n\t\t\t\t\t<div class=\"juicer-feed\" data-feed-id=\"kierratyskeskus-kankaanpaa\"><\/div>\t\t\t\t<\/div>\n\t\t\t\t<\/div>\n\t\t\t\t\t<\/div>\n\t\t\t\t<\/div>\n\t\t\t\t<\/div>\n\t\t","protected":false},"excerpt":{"rendered":"<p>Tervetuloa kierr\u00e4tyskeskukseen &#8211; miss\u00e4 tavara saa uuden el\u00e4m\u00e4n! Otamme vastaan k\u00e4ytettyj\u00e4, hyv\u00e4kuntoisia tavaroita. Samalla ehk\u00e4isemme j\u00e4tteen synty\u00e4, s\u00e4\u00e4st\u00e4mme luonnonvaroja ja [&hellip;]<\/p>\n","protected":false},"author":1,"featured_media":0,"parent":0,"menu_order":0,"comment_status":"closed","ping_status":"closed","template":"","meta":{"site-sidebar-layout":"no-sidebar","site-content-layout":"","ast-site-content-layout":"full-width-container","site-content-style":"default","site-sidebar-style":"default","ast-global-header-display":"","ast-banner-title-visibility":"","ast-main-header-display":"","ast-hfb-above-header-display":"","ast-hfb-below-header-display":"","ast-hfb-mobile-header-display":"","site-post-title":"disabled","ast-breadcrumbs-content":"","ast-featured-img":"disabled","footer-sml-layout":"","ast-disable-related-posts":"","theme-transparent-header-meta":"","adv-header-id-meta":"","stick-header-meta":"","header-above-stick-meta":"","header-main-stick-meta":"","header-below-stick-meta":"","astra-migrate-meta-layouts":"default","ast-page-background-enabled":"default","ast-page-background-meta":{"desktop":{"background-color":"var(--ast-global-color-5)","background-image":"","background-repeat":"repeat","background-position":"center center","background-size":"auto","background-attachment":"scroll","background-type":"","background-media":"","overlay-type":"","overlay-color":"","overlay-opacity":"","overlay-gradient":""},"tablet":{"background-color":"","background-image":"","background-repeat":"repeat","background-position":"center center","background-size":"auto","background-attachment":"scroll","background-type":"","background-media":"","overlay-type":"","overlay-color":"","overlay-opacity":"","overlay-gradient":""},"mobile":{"background-color":"","background-image":"","background-repeat":"repeat","background-position":"center center","background-size":"auto","background-attachment":"scroll","background-type":"","background-media":"","overlay-type":"","overlay-color":"","overlay-opacity":"","overlay-gradient":""}},"ast-content-background-meta":{"desktop":{"background-color":"var(--ast-global-color-4)","background-image":"","background-repeat":"repeat","background-position":"center center","background-size":"auto","background-attachment":"scroll","background-type":"","background-media":"","overlay-type":"","overlay-color":"","overlay-opacity":"","overlay-gradient":""},"tablet":{"background-color":"var(--ast-global-color-4)","background-image":"","background-repeat":"repeat","background-position":"center center","background-size":"auto","background-attachment":"scroll","background-type":"","background-media":"","overlay-type":"","overlay-color":"","overlay-opacity":"","overlay-gradient":""},"mobile":{"background-color":"var(--ast-global-color-4)","background-image":"","background-repeat":"repeat","background-position":"center center","background-size":"auto","background-attachment":"scroll","background-type":"","background-media":"","overlay-type":"","overlay-color":"","overlay-opacity":"","overlay-gradient":""}},"footnotes":""},"class_list":["post-1462","page","type-page","status-publish","hentry"],"_links":{"self":[{"href":"https:\/\/kierratyskpaa.fi\/index.php?rest_route=\/wp\/v2\/pages\/1462","targetHints":{"allow":["GET"]}}],"collection":[{"href":"https:\/\/kierratyskpaa.fi\/index.php?rest_route=\/wp\/v2\/pages"}],"about":[{"href":"https:\/\/kierratyskpaa.fi\/index.php?rest_route=\/wp\/v2\/types\/page"}],"author":[{"embeddable":true,"href":"https:\/\/kierratyskpaa.fi\/index.php?rest_route=\/wp\/v2\/users\/1"}],"replies":[{"embeddable":true,"href":"https:\/\/kierratyskpaa.fi\/index.php?rest_route=%2Fwp%2Fv2%2Fcomments&post=1462"}],"version-history":[{"count":154,"href":"https:\/\/kierratyskpaa.fi\/index.php?rest_route=\/wp\/v2\/pages\/1462\/revisions"}],"predecessor-version":[{"id":1762,"href":"https:\/\/kierratyskpaa.fi\/index.php?rest_route=\/wp\/v2\/pages\/1462\/revisions\/1762"}],"wp:attachment":[{"href":"https:\/\/kierratyskpaa.fi\/index.php?rest_route=%2Fwp%2Fv2%2Fmedia&parent=1462"}],"curies":[{"name":"wp","href":"https:\/\/api.w.org\/{rel}","templated":true}]}}